{"id":3577,"date":"2022-12-09T11:02:20","date_gmt":"2022-12-09T10:02:20","guid":{"rendered":"https:\/\/eds-r.com\/?page_id=3577"},"modified":"2025-12-11T17:08:26","modified_gmt":"2025-12-11T16:08:26","slug":"karriere","status":"publish","type":"page","link":"https:\/\/eds-r.com\/?page_id=3577","title":{"rendered":"Karriere"},"content":{"rendered":"<section class=\"kc-elm kc-css-395833 kc_row\"><div class=\"kc-row-container  kc-container\"><div class=\"kc-wrap-columns\"><div class=\"kc-elm kc-css-347154 kc_col-sm-12 kc_column kc_col-sm-12\"><div class=\"kc-col-container\"><div class=\"kc-elm kc-css-144777 kc_row kc_row_inner\"><div class=\"kc-elm kc-css-386583 kc_col-sm-12 kc_column_inner kc_col-sm-12\"><div class=\"kc_wrapper kc-col-inner-container\"><div class=\"kc-elm kc-css-56512\" style=\"height: 18px; clear: both; width:100%;\"><\/div><div class=\"kc-elm kc-css-542654 kc_text_block\"><\/p>\n<div class=\"elementHeadline\" style=\"padding: 0px 30px 0px 0px; line-height: 30px; color: #0c1c2c; font-family: Verdana, Tahoma, Arial, Helvetica, sans-serif; font-size: 30px;\">\n<h3 style=\"color: #076dc7; font-size: 30px; margin: 30px 0px 30px; font-family: verdana, arial, sans-serif;\">Ihre Karriere bei eds-r<\/h3>\n<\/div>\n<div class=\"elementStandard\" style=\"padding: 0px 30px 0px 0px; line-height: 30px;\">\n<ul>\n<li><strong>Die eds-r GmbH ist ein mittelst\u00e4ndisches Familienunternehmen mit Sitz in N\u00fcrnberg und besch\u00e4ftigt derzeit etwa 80 Mitarbeiter. Das Unternehmen leistet durch seine R\u00fccknahme und dem Recycling von Elektroaltger\u00e4ten einen wichtigen Beitrag zum Umwelt- und Klimaschutz. Im Bereich des Lampenrecyclings geh\u00f6rt das Unternehmen zu den gr\u00f6\u00dften Verwertern in Deutschland und \u00d6sterreich.<\/strong><\/li>\n<\/ul>\n<\/div>\n<p>\n<\/div><div class=\"kc-elm kc-css-195075\" style=\"height: 18px; clear: both; width:100%;\"><\/div>\t\t<div class=\"em-feature style-five kc-elm kc-css-775563\">\r\n\t\t\t\t\t\t\t<div class=\"em_feature-icon\">\r\n\t\t\t\t\t<span><i class=\"sl-people\"><\/i><\/span>\r\n\t\t\t\t<\/div>\t\t\t\r\n\t\t\t\t\t\t<div class=\"em_content_text\">\r\n\t\t\t\t<div class=\"em-feature-title\"><h2>Aushilfe\/Vertretung Berufskraftfahrer (m\/w\/d) <\/h2><\/div>\t\t\t\t<div class=\"em-feature-desc\">Zur Verst\u00e4rkung unseres Teams, suchen wir ab sofort eine Aushilfe bzw. Vertretung unserer Berufskraftfahrer. \r\n\r\nGerne auch als Rentner.  <\/div>\t\t\t\t<div class=\"feature-btn\"><a href=\"https:\/\/eds-r.com\/wp-content\/uploads\/2024\/06\/Stellenbeschreibung-Aushilfsfahrer.pdf\">zur Stellenbeschreibung<i class=\"fa fa-angle-right\"><\/i><\/a><\/div>\t\r\n\t\t\t<\/div>\r\n            \t\t\t\t<div class=\"feature-icon bottom\">\r\n\t\t\t\t\t<span><i class=\"sl-people\"><\/i><\/span>\r\n\t\t\t\t<\/div>\t\t\t\r\n\t\t\t\t\t<\/div>\r\n\t\t<div class=\"kc-elm kc-css-323012 kc_text_block\"><\/p>\n<div class=\"elementHeadline\" style=\"padding: 0px 30px 0px 0px; line-height: 30px; color: #0c1c2c; font-family: Verdana, Tahoma, Arial, Helvetica, sans-serif; font-size: 30px;\">\n<h3 style=\"color: #076dc7; font-size: 30px; margin: 30px 0px 30px; font-family: verdana, arial, sans-serif;\"><\/h3>\n<\/div>\n<div class=\"elementStandard\" style=\"padding: 0px 30px 0px 0px; line-height: 30px;\">\n<ul>\n<li><strong>Sollten wir ihr Interesse geweckt haben, freuen wir uns auf ihre Bewerbung. Gerne kann diese per Mail an cl.schmidt@eds-r.com gesendet werden.\u00a0<\/strong><\/li>\n<\/ul>\n<\/div>\n<p>\n<\/div><div class=\"kc-elm kc-css-628510\" style=\"height: 164px; clear: both; width:100%;\"><\/div><\/div><\/div><\/div><\/div><\/div><\/div><\/div><\/section>\n","protected":false},"excerpt":{"rendered":"","protected":false},"author":5,"featured_media":0,"parent":0,"menu_order":0,"comment_status":"closed","ping_status":"closed","template":"page-templates\/template-default.php","meta":{"footnotes":""},"class_list":["post-3577","page","type-page","status-publish","hentry"],"_links":{"self":[{"href":"https:\/\/eds-r.com\/index.php?rest_route=\/wp\/v2\/pages\/3577","targetHints":{"allow":["GET"]}}],"collection":[{"href":"https:\/\/eds-r.com\/index.php?rest_route=\/wp\/v2\/pages"}],"about":[{"href":"https:\/\/eds-r.com\/index.php?rest_route=\/wp\/v2\/types\/page"}],"author":[{"embeddable":true,"href":"https:\/\/eds-r.com\/index.php?rest_route=\/wp\/v2\/users\/5"}],"replies":[{"embeddable":true,"href":"https:\/\/eds-r.com\/index.php?rest_route=%2Fwp%2Fv2%2Fcomments&post=3577"}],"version-history":[{"count":41,"href":"https:\/\/eds-r.com\/index.php?rest_route=\/wp\/v2\/pages\/3577\/revisions"}],"predecessor-version":[{"id":3874,"href":"https:\/\/eds-r.com\/index.php?rest_route=\/wp\/v2\/pages\/3577\/revisions\/3874"}],"wp:attachment":[{"href":"https:\/\/eds-r.com\/index.php?rest_route=%2Fwp%2Fv2%2Fmedia&parent=3577"}],"curies":[{"name":"wp","href":"https:\/\/api.w.org\/{rel}","templated":true}]}}