{"id":3109,"date":"2021-04-06T14:59:59","date_gmt":"2021-04-06T12:59:59","guid":{"rendered":"https:\/\/test.eds-r.com\/?page_id=3109"},"modified":"2024-06-11T10:40:38","modified_gmt":"2024-06-11T08:40:38","slug":"aktuelles","status":"publish","type":"page","link":"https:\/\/eds-r.com\/?page_id=3109","title":{"rendered":"Aktuelles"},"content":{"rendered":"<section class=\"kc-elm kc-css-796009 kc_row\"><div class=\"kc-row-container  kc-container\"><div class=\"kc-wrap-columns\"><div class=\"kc-elm kc-css-822609 kc_column kc_col-sm-12\"><div class=\"kc-col-container\"><div class=\"kc-elm kc-css-954192\" style=\"height: 16px; clear: both; width:100%;\"><\/div>\t\t<div class=\"em-feature style-five kc-elm kc-css-901924\">\r\n\t\t\t\t\t\t\t<div class=\"em_feature-icon\">\r\n\t\t\t\t\t<span><i class=\"et-newspaper\"><\/i><\/span>\r\n\t\t\t\t<\/div>\t\t\t\r\n\t\t\t\t\t\t<div class=\"em_content_text\">\r\n\t\t\t\t<div class=\"em-feature-title\"><h2>Neues Forschungsprojekt mit TU Clausthal <\/h2><\/div>\t\t\t\t<div class=\"em-feature-desc\">Gemeinsam mit der TU Clausthal und weiteren Partnern starten wir ein neues Forschungsprojekt, welches das Recycling von Elektroaltger\u00e4ten mit Hilfe von k\u00fcnstlicher Intelligenz revolutionieren soll. \r\n\r\n<\/div>\t\t\t\t<div class=\"feature-btn\"><a href=\"https:\/\/www.euwid-recycling.de\/news\/forschung-praxis\/ki-soll-verwertung-von-altgeraeten-erleichtern-120424\/\">Zum Artikel<i class=\"fa fa-angle-right\"><\/i><\/a><\/div>\t\r\n\t\t\t<\/div>\r\n            \t\t\t\t<div class=\"feature-icon bottom\">\r\n\t\t\t\t\t<span><i class=\"et-newspaper\"><\/i><\/span>\r\n\t\t\t\t<\/div>\t\t\t\r\n\t\t\t\t\t<\/div>\r\n\t\t\t\t<div class=\"em-feature style-five kc-elm kc-css-452197\">\r\n\t\t\t\t\t\t\t<div class=\"em_feature-icon\">\r\n\t\t\t\t\t<span><i class=\"et-newspaper\"><\/i><\/span>\r\n\t\t\t\t<\/div>\t\t\t\r\n\t\t\t\t\t\t<div class=\"em_content_text\">\r\n\t\t\t\t<div class=\"em-feature-title\"><h2>\u00f6rE sind verpflichtet jede gelieferte Menge von PV-Modulen anzunehmen<\/h2><\/div>\t\t\t\t<div class=\"em-feature-desc\">Die Stiftung EAR hat ein neues Rundschreiben f\u00fcr \u00f6ffentlich-rechtliche Entsorgungstr\u00e4ger ver\u00f6ffentlicht.\r\n\r\n<\/div>\t\t\t\t<div class=\"feature-btn\"><a href=\"https:\/\/eds-r.com\/wp-content\/uploads\/2023\/12\/EAR-_Rundschreiben-zu-PV-Modulen-Jan23-part-1-1.pdf\">Zum Artikel<i class=\"fa fa-angle-right\"><\/i><\/a><\/div>\t\r\n\t\t\t<\/div>\r\n            \t\t\t\t<div class=\"feature-icon bottom\">\r\n\t\t\t\t\t<span><i class=\"et-newspaper\"><\/i><\/span>\r\n\t\t\t\t<\/div>\t\t\t\r\n\t\t\t\t\t<\/div>\r\n\t\t\t\t<div class=\"em-feature style-five kc-elm kc-css-884486\">\r\n\t\t\t\t\t\t\t<div class=\"em_feature-icon\">\r\n\t\t\t\t\t<span><i class=\"et-newspaper\"><\/i><\/span>\r\n\t\t\t\t<\/div>\t\t\t\r\n\t\t\t\t\t\t<div class=\"em_content_text\">\r\n\t\t\t\t<div class=\"em-feature-title\"><h2>Neues Rundschreiben f\u00fcr \u00f6ffentlich-rechtliche Entsorgungstr\u00e4ger<\/h2><\/div>\t\t\t\t<div class=\"em-feature-desc\">Die Stiftung EAR hat ein neues Rundschreiben f\u00fcr \u00f6ffentlich-rechtliche Entsorgungstr\u00e4ger ver\u00f6ffentlicht.\r\n\r\n<\/div>\t\t\t\t<div class=\"feature-btn\"><a href=\"https:\/\/www.stiftung-ear.de\/de\/themen\/elektrog\/oere\/oere-rundschreiben\">Zum Artikel<i class=\"fa fa-angle-right\"><\/i><\/a><\/div>\t\r\n\t\t\t<\/div>\r\n            \t\t\t\t<div class=\"feature-icon bottom\">\r\n\t\t\t\t\t<span><i class=\"et-newspaper\"><\/i><\/span>\r\n\t\t\t\t<\/div>\t\t\t\r\n\t\t\t\t\t<\/div>\r\n\t\t<div class=\"kc-elm kc-css-992876\" style=\"height: 123px; clear: both; width:100%;\"><\/div><\/div><\/div><\/div><\/div><\/section>\n","protected":false},"excerpt":{"rendered":"","protected":false},"author":4,"featured_media":0,"parent":0,"menu_order":0,"comment_status":"closed","ping_status":"closed","template":"page-templates\/template-default.php","meta":{"footnotes":""},"class_list":["post-3109","page","type-page","status-publish","hentry"],"_links":{"self":[{"href":"https:\/\/eds-r.com\/index.php?rest_route=\/wp\/v2\/pages\/3109","targetHints":{"allow":["GET"]}}],"collection":[{"href":"https:\/\/eds-r.com\/index.php?rest_route=\/wp\/v2\/pages"}],"about":[{"href":"https:\/\/eds-r.com\/index.php?rest_route=\/wp\/v2\/types\/page"}],"author":[{"embeddable":true,"href":"https:\/\/eds-r.com\/index.php?rest_route=\/wp\/v2\/users\/4"}],"replies":[{"embeddable":true,"href":"https:\/\/eds-r.com\/index.php?rest_route=%2Fwp%2Fv2%2Fcomments&post=3109"}],"version-history":[{"count":48,"href":"https:\/\/eds-r.com\/index.php?rest_route=\/wp\/v2\/pages\/3109\/revisions"}],"predecessor-version":[{"id":3809,"href":"https:\/\/eds-r.com\/index.php?rest_route=\/wp\/v2\/pages\/3109\/revisions\/3809"}],"wp:attachment":[{"href":"https:\/\/eds-r.com\/index.php?rest_route=%2Fwp%2Fv2%2Fmedia&parent=3109"}],"curies":[{"name":"wp","href":"https:\/\/api.w.org\/{rel}","templated":true}]}}