{"id":2836,"date":"2021-03-04T17:58:59","date_gmt":"2021-03-04T16:58:59","guid":{"rendered":"http:\/\/test.eds-r.com\/?page_id=2836"},"modified":"2024-09-17T11:23:40","modified_gmt":"2024-09-17T09:23:40","slug":"recycling-verwertung","status":"publish","type":"page","link":"https:\/\/eds-r.com\/?page_id=2836","title":{"rendered":"Recycling &#038; Verwertung"},"content":{"rendered":"<p><section class=\"kc-elm kc-css-900140 kc_row\"><div class=\"kc-row-container  kc-container\"><div class=\"kc-wrap-columns\"><div class=\"kc-elm kc-css-404233 kc_col-sm-12 kc_column kc_col-sm-12\"><div class=\"kc-col-container\"><div class=\"kc-elm kc-css-611449 kc_row kc_row_inner\"><div class=\"kc-elm kc-css-803307 kc_col-sm-12 kc_column_inner kc_col-sm-12\"><div class=\"kc_wrapper kc-col-inner-container\"><div class=\"kc-elm kc-css-677162 kc_text_block\"><\/p>\n<div class=\"elementHeadline\" style=\"padding: 0px 30px 0px 0px; max-width: 100%; line-height: 30px; color: #0c1c2c; font-family: Verdana, Tahoma, Arial, Helvetica, sans-serif; font-size: 30px;\">\n<h3 style=\"color: #076dc7; font-size: 30px; margin: 30px 0px; max-width: 100%; line-height: normal; font-family: verdana, arial, sans-serif;\">Recycling &#038; Verwertung<\/h3>\n<\/div>\n<div class=\"elementStandard\" style=\"outline: 0px; max-width: 100%; line-height: 20px; padding: 0px 20px 0px 0px; color: #0c1c2c; font-family: Verdana, Tahoma, Arial, Helvetica, sans-serif; font-size: 20px;\">\n<div class=\"text\" style=\"outline: 0px; max-width: 100%; line-height: 20px; padding: 0px 20px 0px 0px;\">Die hochwertige Entsorgung sowie die Einhaltung der gesetzlichen Vorgaben wird zudem durch unser f\u00fcr alle Standorte geltendes nach DIN ISO 9001\/14001 zertifiziertes <a href=\"https:\/\/eds-r.com\/?page_id=2865\">Qualit\u00e4ts- und Umweltmanagementsystem<\/a> sichergestellt.<\/div>\n<div class=\"text\" style=\"outline: 0px; max-width: 100%; line-height: 20px; padding: 0px 20px 0px 0px;\">\u00a0<\/div>\n<div class=\"text\" style=\"outline: 0px; max-width: 100%; line-height: 20px; padding: 0px 20px 0px 0px;\">Zus\u00e4tzlich sind die einzelnen Standorte als Entsorgungsfachbetriebe bzw. als Erstbehandlungsanlagen f\u00fcr Elektroaltger\u00e4te nach ElektroG zertifiziert. (Zertifikate siehe <a href=\"https:\/\/eds-r.com\/?page_id=2865\">Downloads<\/a>)<\/div>\n<\/div>\n<p>\n<\/div><div class=\"kc-elm kc-css-16061\" style=\"height: 32px; clear: both; width:100%;\"><\/div><\/div><\/div><\/div><div class=\"kc-elm kc-css-975559 kc_text_block\"><\/p>\n<div class=\"elementHeadline\" style=\"padding: 0px 10px 0px 0px; line-height: 18px; color: #0c1c2c; font-family: Verdana, Tahoma, Arial, Helvetica, sans-serif; font-size: 20px;\">\n<h3 style=\"color: #076dc7; font-size: 20px; margin: 20px 0px 20px; font-family: verdana, arial, sans-serif;\"><strong>Unsere Dienstleistungen<\/strong><\/h3>\n<\/div>\n<div class=\"elementStandard\" style=\"padding: 0px 18px 0px 0px; line-height: 18px; color: #0c1c2c; font-family: Verdana, Tahoma, Arial, Helvetica, sans-serif; font-size: 18px;\">\n<div class=\"text\" style=\"padding: 0px 18px 0px 0px; line-height: 18px;\">\n<ul style=\"padding: 0px; margin: 0px 0px 18px 13px;\">\n<li style=\"list-style-type: disc;\"><strong>Behandlung und Verwertung von Elektroaltger\u00e4ten<\/strong><\/li>\n<\/ul>\n<ul style=\"padding: 0px; margin: 0px 0px 18px 13px;\">\n<li style=\"list-style-type: disc;\"><strong>Behandlung und Verwertung von Medizintechnik<\/strong><\/li>\n<\/ul>\n<ul style=\"padding: 0px; margin: 0px 0px 18px 13px;\">\n<li style=\"list-style-type: disc;\"><strong>Behandlung und Verwertung von Leuchtstofflampen<\/strong><\/li>\n<\/ul>\n<ul style=\"padding: 0px; margin: 0px 0px 18px 13px;\">\n<li style=\"list-style-type: disc;\"><strong>Behandlung und Verwertung von PV-Modulen<\/strong><\/li>\n<\/ul>\n<\/div>\n<\/div>\n<div><b>\u00a0<\/b><\/div>\n<p>\n<\/div><\/div><\/div><\/div><\/div><\/section><section class=\"kc-elm kc-css-433429 kc_row\"><div class=\"kc-row-container  kc-container\"><div class=\"kc-wrap-columns\"><div class=\"kc-elm kc-css-434505 kc_col-sm-4 kc_column kc_col-sm-4\"><div class=\"kc-col-container\"><div class=\"kc-elm kc-css-759721 kc_row kc_row_inner\"><div class=\"kc-elm kc-css-316121 kc_col-sm-12 kc_column_inner kc_col-sm-12\"><div class=\"kc_wrapper kc-col-inner-container\">\t\t\t<div class=\"single_counter default_style kc-elm kc-css-3651\">\r\n\t\t\t\t<div class=\"single_counter_inner\">\t\t\t\t\t\r\n\t\t\t\t\t\r\n\t\t\t\t\t\t\t\t\t\t\t<div class=\"counter_icon\">\t\t\t\r\n\t\t\t\t\t\t\t<i class=\"et-tools-2\"><\/i>\t\t\r\n\t\t\t\t\t\t<\/div>\r\n\t\t\t\t\t\t\t\t\t\t\r\n\t\t\t\t\t\r\n\t\t\t\t\t\r\n\t\t\t\t\t<div class=\"countr_text\">\r\n\t\t\t\t\t\t\t\t\t\t\t\t\t<h1>10.000<\/h1>\r\n\t\t\t\t\t\t\t\t\t\t\t\t\t\r\n\t\t\t\t\t\t\t<h3>to. +<\/h3>\r\n\t\t\t\t\t\t\t\t\t\t\t\t\t\r\n\t\t\t\t\t<\/div>\r\n\t\t\t\t\t<div class=\"counter_title\">\r\n\t\t\t\t\t\t\t\t\t\t\t\t\t<h4>\r\n\t\t\t\t\t\t\tDurchsatz p.a\t\t\t\t\t\t\t<\/h4>\t\r\n\t\t\t\t\t\t\t\t\t\t\t<\/div>\r\n\t\t\t\t\t\r\n\t\t\t\t\t\t\r\n\t\t\t\t\t\r\n\t\t\t\t<\/div>\r\n\t\t\t<\/div> \t\t\r\n\t\t<\/div><\/div><\/div><\/div><\/div><div class=\"kc-elm kc-css-111190 kc_col-sm-4 kc_column kc_col-sm-4\"><div class=\"kc-col-container\"><div class=\"kc-elm kc-css-717183 kc_row kc_row_inner\"><div class=\"kc-elm kc-css-680144 kc_col-sm-12 kc_column_inner kc_col-sm-12\"><div class=\"kc_wrapper kc-col-inner-container\">\t\t\t<div class=\"single_counter default_style kc-elm kc-css-217828\">\r\n\t\t\t\t<div class=\"single_counter_inner\">\t\t\t\t\t\r\n\t\t\t\t\t\r\n\t\t\t\t\t\t\t\t\t\t\t<div class=\"counter_icon\">\t\t\t\r\n\t\t\t\t\t\t\t<i class=\"sl-people\"><\/i>\t\t\r\n\t\t\t\t\t\t<\/div>\r\n\t\t\t\t\t\t\t\t\t\t\r\n\t\t\t\t\t\r\n\t\t\t\t\t\r\n\t\t\t\t\t<div class=\"countr_text\">\r\n\t\t\t\t\t\t\t\t\t\t\t\t\t<h1>40<\/h1>\r\n\t\t\t\t\t\t\t\t\t\t\t\t\t\t\t\t\t\t\t\r\n\t\t\t\t\t<\/div>\r\n\t\t\t\t\t<div class=\"counter_title\">\r\n\t\t\t\t\t\t\t\t\t\t\t\t\t<h4>\r\n\t\t\t\t\t\t\tMitarbeiter\t\t\t\t\t\t\t<\/h4>\t\r\n\t\t\t\t\t\t\t\t\t\t\t<\/div>\r\n\t\t\t\t\t\r\n\t\t\t\t\t\t\r\n\t\t\t\t\t\r\n\t\t\t\t<\/div>\r\n\t\t\t<\/div> \t\t\r\n\t\t<\/div><\/div><\/div><\/div><\/div><div class=\"kc-elm kc-css-765464 kc_col-sm-4 kc_column kc_col-sm-4\"><div class=\"kc-col-container\"><div class=\"kc-elm kc-css-283574 kc_row kc_row_inner\"><div class=\"kc-elm kc-css-367210 kc_col-sm-12 kc_column_inner kc_col-sm-12\"><div class=\"kc_wrapper kc-col-inner-container\">\t\t\t<div class=\"single_counter default_style kc-elm kc-css-262013\">\r\n\t\t\t\t<div class=\"single_counter_inner\">\t\t\t\t\t\r\n\t\t\t\t\t\r\n\t\t\t\t\t\t\t\t\t\t\t<div class=\"counter_icon\">\t\t\t\r\n\t\t\t\t\t\t\t<i class=\"flaticon-bar-chart\"><\/i>\t\t\r\n\t\t\t\t\t\t<\/div>\r\n\t\t\t\t\t\t\t\t\t\t\r\n\t\t\t\t\t\r\n\t\t\t\t\t\r\n\t\t\t\t\t<div class=\"countr_text\">\r\n\t\t\t\t\t\t\t\t\t\t\t\t\t<h1>90 <\/h1>\r\n\t\t\t\t\t\t\t\t\t\t\t\t\t\r\n\t\t\t\t\t\t\t<h3>% +<\/h3>\r\n\t\t\t\t\t\t\t\t\t\t\t\t\t\r\n\t\t\t\t\t<\/div>\r\n\t\t\t\t\t<div class=\"counter_title\">\r\n\t\t\t\t\t\t\t\t\t\t\t\t\t<h4>\r\n\t\t\t\t\t\t\tVerwertungsquote\t\t\t\t\t\t\t<\/h4>\t\r\n\t\t\t\t\t\t\t\t\t\t\t<\/div>\r\n\t\t\t\t\t\r\n\t\t\t\t\t\t\r\n\t\t\t\t\t\r\n\t\t\t\t<\/div>\r\n\t\t\t<\/div> \t\t\r\n\t\t<\/div><\/div><\/div><\/div><\/div><\/div><\/div><\/section><section class=\"kc-elm kc-css-245303 kc_row\"><div class=\"kc-row-container  kc-container\"><div class=\"kc-wrap-columns\"><div class=\"kc-elm kc-css-816311 kc_col-sm-12 kc_column kc_col-sm-12\"><div class=\"kc-col-container\"><div class=\"kc-elm kc-css-405312 kc_row kc_row_inner\"><div class=\"kc-elm kc-css-919489 kc_col-sm-6 kc_column_inner kc_col-sm-6\"><div class=\"kc_wrapper kc-col-inner-container\"><div class=\"kc-elm kc-css-261689\" style=\"height: 93px; clear: both; width:100%;\"><\/div>\n<div class=\"kc-elm kc-css-449166 kc-team kc-team-2\">\n\n\t<figure class=\"content-image\"><img decoding=\"async\" src=\"https:\/\/eds-r.com\/wp-content\/uploads\/2024\/04\/Portrait-Paul-scaled.jpg\" alt=\"\"><\/figure><div class=\"box-right\"><div class=\"content-title\">Andreas Paul<\/div><div class=\"content-subtitle\">Betriebsleiter N\u00fcrnberg<\/div><div class=\"content-desc\">Tel.: 0911\/42477-12                                                                                                        \r\nE-Mail: a.paul@eds-r.com<\/div><\/div>\n<\/div>\n<\/div><\/div><div class=\"kc-elm kc-css-711530 kc_col-sm-6 kc_column_inner kc_col-sm-6\"><div class=\"kc_wrapper kc-col-inner-container\"><div class=\"kc-elm kc-css-99118\" style=\"height: 93px; clear: both; width:100%;\"><\/div>\n<div class=\"kc-elm kc-css-594609 kc-team kc-team-2\">\n\n\t<figure class=\"content-image\"><img decoding=\"async\" src=\"https:\/\/eds-r.com\/wp-content\/uploads\/2023\/05\/Hr.-Paschke-m.H.-kompr.jpg\" alt=\"\"><\/figure><div class=\"box-right\"><div class=\"content-title\">Michael Paschke<\/div><div class=\"content-subtitle\">Betriebsleiter Augsburg \/ Baar<\/div><div class=\"content-desc\">Tel.: 08276\/518778-5\r\nE-Mail: m.paschke@eds-r.com<\/div><\/div>\n<\/div>\n<\/div><\/div><\/div><\/div><\/div><\/div><\/div><\/section><\/p>\n","protected":false},"excerpt":{"rendered":"","protected":false},"author":5,"featured_media":0,"parent":0,"menu_order":0,"comment_status":"closed","ping_status":"closed","template":"page-templates\/template-default.php","meta":{"footnotes":""},"class_list":["post-2836","page","type-page","status-publish","hentry"],"_links":{"self":[{"href":"https:\/\/eds-r.com\/index.php?rest_route=\/wp\/v2\/pages\/2836","targetHints":{"allow":["GET"]}}],"collection":[{"href":"https:\/\/eds-r.com\/index.php?rest_route=\/wp\/v2\/pages"}],"about":[{"href":"https:\/\/eds-r.com\/index.php?rest_route=\/wp\/v2\/types\/page"}],"author":[{"embeddable":true,"href":"https:\/\/eds-r.com\/index.php?rest_route=\/wp\/v2\/users\/5"}],"replies":[{"embeddable":true,"href":"https:\/\/eds-r.com\/index.php?rest_route=%2Fwp%2Fv2%2Fcomments&post=2836"}],"version-history":[{"count":51,"href":"https:\/\/eds-r.com\/index.php?rest_route=\/wp\/v2\/pages\/2836\/revisions"}],"predecessor-version":[{"id":3821,"href":"https:\/\/eds-r.com\/index.php?rest_route=\/wp\/v2\/pages\/2836\/revisions\/3821"}],"wp:attachment":[{"href":"https:\/\/eds-r.com\/index.php?rest_route=%2Fwp%2Fv2%2Fmedia&parent=2836"}],"curies":[{"name":"wp","href":"https:\/\/api.w.org\/{rel}","templated":true}]}}