{"id":2823,"date":"2021-03-04T17:50:59","date_gmt":"2021-03-04T16:50:59","guid":{"rendered":"http:\/\/test.eds-r.com\/?page_id=2823"},"modified":"2024-09-17T11:57:31","modified_gmt":"2024-09-17T09:57:31","slug":"systembetrieb","status":"publish","type":"page","link":"https:\/\/eds-r.com\/?page_id=2823","title":{"rendered":"Systembetrieb"},"content":{"rendered":"<p><section class=\"kc-elm kc-css-508925 kc_row\"><div class=\"kc-row-container  kc-container\"><div class=\"kc-wrap-columns\"><div class=\"kc-elm kc-css-504981 kc_col-sm-12 kc_column kc_col-sm-12\"><div class=\"kc-col-container\"><div class=\"kc-elm kc-css-790935 kc_row kc_row_inner\"><div class=\"kc-elm kc-css-511170 kc_col-sm-12 kc_column_inner kc_col-sm-12\"><div class=\"kc_wrapper kc-col-inner-container\"><div class=\"kc-elm kc-css-194432 kc_text_block\"><\/p>\n<div class=\"elementHeadline\" style=\"padding: 0px 30px 0px 0px; line-height: 30px; color: #0c1c2c; font-family: Verdana, Tahoma, Arial, Helvetica, sans-serif; font-size: 30px;\">\n<h3 style=\"color: #076dc7; font-size: 30px; margin: 30px 0px 30px; font-family: verdana, arial, sans-serif;\">Dienstleistungen Systembetrieb<\/h3>\n<\/div>\n<div class=\"elementStandard\" style=\"padding: 0px 20px 0px 0px; line-height: 20px;\">\n<div class=\"elementHeadline\">\n<h3>Nationale Take-Back-Programme mit bundesweiten Partnern<\/h3>\n<div><\/div>\n<div><\/div>\n<\/div>\n<div class=\"elementStandard\">\n<div class=\"text\">Erf\u00fcllung der R\u00fccknahmeverpflichtung aus der WEEE-Richtlinie und dem ElektroG als Beauftragter Dritter.<\/div>\n<div class=\"text\"><\/div>\n<\/div>\n<div class=\"elementStandard\">\n<div class=\"text\">Herstellern und Vertreibern von Elektroger\u00e4ten bietet die eds-r in Kooperation mit bundesweiten Partnern vielf\u00e4ltige L\u00f6sungen f\u00fcr die R\u00fccknahme von Altger\u00e4ten sowohl aus der kommunalen Sammlung als auch aus B2B-Gesch\u00e4ftsbereichen an.<\/div>\n<div class=\"text\"><\/div>\n<div class=\"text\">Seit Inkrafttreten des ElektroG im Jahr 2006 k\u00f6nnen Elektroaltger\u00e4te vom B\u00fcrger an kommunalen \u00dcbergabestellen kostenfrei abgegeben werden. Wir organisieren seitdem die fristgerechte Abwicklung der Abholung der Altger\u00e4tecontainer sowie die fachgerechte Entsorgung.<\/div>\n<div class=\"text\"><\/div>\n<div class=\"text\">Die Entsorgung gewerblicher Altger\u00e4te f\u00fchren wir mit unserem eigenen Fuhrpark durch, oder greifen auf unser bundesweites Netzwerk an Partnern zur\u00fcck.<\/div>\n<\/div>\n<\/div>\n<p>\n<\/div><div class=\"kc-elm kc-css-263985\" style=\"height: 91px; clear: both; width:100%;\"><\/div><\/div><\/div><\/div><div class=\"kc-elm kc-css-160325 kc_row kc_row_inner\"><div class=\"kc-elm kc-css-785660 kc_col-sm-4 kc_column_inner kc_col-sm-4\"><div class=\"kc_wrapper kc-col-inner-container\">\t\t\t<div class=\"single_counter default_style kc-elm kc-css-184585\">\r\n\t\t\t\t<div class=\"single_counter_inner\">\t\t\t\t\t\r\n\t\t\t\t\t\r\n\t\t\t\t\t\t\t\t\t\t\t<div class=\"counter_icon\">\t\t\t\r\n\t\t\t\t\t\t\t<i class=\"et-calendar\"><\/i>\t\t\r\n\t\t\t\t\t\t<\/div>\r\n\t\t\t\t\t\t\t\t\t\t\r\n\t\t\t\t\t\r\n\t\t\t\t\t\r\n\t\t\t\t\t<div class=\"countr_text\">\r\n\t\t\t\t\t\t\t\t\t\t\t\t\t<h1>15 <\/h1>\r\n\t\t\t\t\t\t\t\t\t\t\t\t\t\r\n\t\t\t\t\t\t\t<h3>Jahre<\/h3>\r\n\t\t\t\t\t\t\t\t\t\t\t\t\t\r\n\t\t\t\t\t<\/div>\r\n\t\t\t\t\t<div class=\"counter_title\">\r\n\t\t\t\t\t\t\t\t\t\t\t\t\t<h4>\r\n\t\t\t\t\t\t\tErfahrung\t\t\t\t\t\t\t<\/h4>\t\r\n\t\t\t\t\t\t\t\t\t\t\t<\/div>\r\n\t\t\t\t\t\r\n\t\t\t\t\t\t\r\n\t\t\t\t\t\r\n\t\t\t\t<\/div>\r\n\t\t\t<\/div> \t\t\r\n\t\t<\/div><\/div><div class=\"kc-elm kc-css-24656 kc_col-sm-4 kc_column_inner kc_col-sm-4\"><div class=\"kc_wrapper kc-col-inner-container\">\t\t\t<div class=\"single_counter default_style kc-elm kc-css-165073\">\r\n\t\t\t\t<div class=\"single_counter_inner\">\t\t\t\t\t\r\n\t\t\t\t\t\r\n\t\t\t\t\t\t\t\t\t\t\t<div class=\"counter_icon\">\t\t\t\r\n\t\t\t\t\t\t\t<i class=\"fa-cogs\"><\/i>\t\t\r\n\t\t\t\t\t\t<\/div>\r\n\t\t\t\t\t\t\t\t\t\t\r\n\t\t\t\t\t\r\n\t\t\t\t\t\r\n\t\t\t\t\t<div class=\"countr_text\">\r\n\t\t\t\t\t\t\t\t\t\t\t\t\t<h1>35.000<\/h1>\r\n\t\t\t\t\t\t\t\t\t\t\t\t\t\r\n\t\t\t\t\t\t\t<h3>to.<\/h3>\r\n\t\t\t\t\t\t\t\t\t\t\t\t\t\r\n\t\t\t\t\t<\/div>\r\n\t\t\t\t\t<div class=\"counter_title\">\r\n\t\t\t\t\t\t\t\t\t\t\t\t\t<h4>\r\n\t\t\t\t\t\t\tElektroaltger\u00e4te p.a.\t\t\t\t\t\t\t<\/h4>\t\r\n\t\t\t\t\t\t\t\t\t\t\t<\/div>\r\n\t\t\t\t\t\r\n\t\t\t\t\t\t\r\n\t\t\t\t\t\r\n\t\t\t\t<\/div>\r\n\t\t\t<\/div> \t\t\r\n\t\t<\/div><\/div><div class=\"kc-elm kc-css-687134 kc_col-sm-4 kc_column_inner kc_col-sm-4\"><div class=\"kc_wrapper kc-col-inner-container\">\t\t\t<div class=\"single_counter default_style kc-elm kc-css-514988\">\r\n\t\t\t\t<div class=\"single_counter_inner\">\t\t\t\t\t\r\n\t\t\t\t\t\r\n\t\t\t\t\t\t\t\t\t\t\t<div class=\"counter_icon\">\t\t\t\r\n\t\t\t\t\t\t\t<i class=\"fa-shipping-fast\"><\/i>\t\t\r\n\t\t\t\t\t\t<\/div>\r\n\t\t\t\t\t\t\t\t\t\t\r\n\t\t\t\t\t\r\n\t\t\t\t\t\r\n\t\t\t\t\t<div class=\"countr_text\">\r\n\t\t\t\t\t\t\t\t\t\t\t\t\t<h1>10.000<\/h1>\r\n\t\t\t\t\t\t\t\t\t\t\t\t\t\r\n\t\t\t\t\t\t\t<h3>+<\/h3>\r\n\t\t\t\t\t\t\t\t\t\t\t\t\t\r\n\t\t\t\t\t<\/div>\r\n\t\t\t\t\t<div class=\"counter_title\">\r\n\t\t\t\t\t\t\t\t\t\t\t\t\t<h4>\r\n\t\t\t\t\t\t\tAbholungen p.a.\t\t\t\t\t\t\t<\/h4>\t\r\n\t\t\t\t\t\t\t\t\t\t\t<\/div>\r\n\t\t\t\t\t\r\n\t\t\t\t\t\t\r\n\t\t\t\t\t\r\n\t\t\t\t<\/div>\r\n\t\t\t<\/div> \t\t\r\n\t\t<\/div><\/div><\/div><div class=\"kc-elm kc-css-783543\" style=\"height: 95px; clear: both; width:100%;\"><\/div><\/div><\/div><\/div><\/div><\/section><section class=\"kc-elm kc-css-274433 kc_row\"><div class=\"kc-row-container  kc-container\"><div class=\"kc-wrap-columns\"><div class=\"kc-elm kc-css-4125 kc_col-sm-12 kc_column kc_col-sm-12\"><div class=\"kc-col-container\"><div class=\"kc-elm kc-css-670037 kc_row kc_row_inner\"><div class=\"kc-elm kc-css-736905 kc_col-sm-12 kc_column_inner kc_col-sm-12\"><div class=\"kc_wrapper kc-col-inner-container\">\n<div class=\"kc-elm kc-css-41580 kc-team kc-team-2\">\n\n\t<figure class=\"content-image\"><img decoding=\"async\" src=\"https:\/\/eds-r.com\/wp-content\/uploads\/2024\/04\/Portrait-Jan-Herde-200x300.jpg\" alt=\"\"><\/figure><div class=\"box-right\"><div class=\"content-title\">Jan Herde<\/div><div class=\"content-subtitle\">Leitung Systembetrieb<\/div><div class=\"content-desc\">Tel.: 0911\/42477-27\r\nE-Mail: j.herde@eds-r.com<\/div><\/div>\n<\/div>\n\n<div class=\"kc-elm kc-css-506271 kc-team kc-team-2\">\n\n\t<figure class=\"content-image\"><img decoding=\"async\" src=\"https:\/\/eds-r.com\/wp-content\/uploads\/2024\/04\/Portrait-Manu-Quehl-200x300.jpg\" alt=\"\"><\/figure><div class=\"box-right\"><div class=\"content-title\">Manuela Quehl<\/div><div class=\"content-subtitle\">Backoffice \/ Bachelor of Professional<\/div><div class=\"content-desc\">Tel.: 0911\/42477-26\r\nE-Mail: m.quehl@eds-r.com<\/div><\/div>\n<\/div>\n<\/div><\/div><\/div><\/div><\/div><\/div><\/div><\/section><\/p>\n","protected":false},"excerpt":{"rendered":"","protected":false},"author":5,"featured_media":0,"parent":0,"menu_order":0,"comment_status":"closed","ping_status":"closed","template":"page-templates\/template-default.php","meta":{"footnotes":""},"class_list":["post-2823","page","type-page","status-publish","hentry"],"_links":{"self":[{"href":"https:\/\/eds-r.com\/index.php?rest_route=\/wp\/v2\/pages\/2823","targetHints":{"allow":["GET"]}}],"collection":[{"href":"https:\/\/eds-r.com\/index.php?rest_route=\/wp\/v2\/pages"}],"about":[{"href":"https:\/\/eds-r.com\/index.php?rest_route=\/wp\/v2\/types\/page"}],"author":[{"embeddable":true,"href":"https:\/\/eds-r.com\/index.php?rest_route=\/wp\/v2\/users\/5"}],"replies":[{"embeddable":true,"href":"https:\/\/eds-r.com\/index.php?rest_route=%2Fwp%2Fv2%2Fcomments&post=2823"}],"version-history":[{"count":44,"href":"https:\/\/eds-r.com\/index.php?rest_route=\/wp\/v2\/pages\/2823\/revisions"}],"predecessor-version":[{"id":3824,"href":"https:\/\/eds-r.com\/index.php?rest_route=\/wp\/v2\/pages\/2823\/revisions\/3824"}],"wp:attachment":[{"href":"https:\/\/eds-r.com\/index.php?rest_route=%2Fwp%2Fv2%2Fmedia&parent=2823"}],"curies":[{"name":"wp","href":"https:\/\/api.w.org\/{rel}","templated":true}]}}