{"id":2813,"date":"2021-03-04T17:48:24","date_gmt":"2021-03-04T16:48:24","guid":{"rendered":"http:\/\/test.eds-r.com\/?page_id=2813"},"modified":"2024-01-19T10:06:44","modified_gmt":"2024-01-19T09:06:44","slug":"baar","status":"publish","type":"page","link":"https:\/\/eds-r.com\/?page_id=2813","title":{"rendered":"Standort Augsburg"},"content":{"rendered":"<p><section class=\"kc-elm kc-css-162359 kc_row\"><div class=\"kc-row-container  kc-container\"><div class=\"kc-wrap-columns\"><div class=\"kc-elm kc-css-613478 kc_col-sm-12 kc_column kc_col-sm-12\"><div class=\"kc-col-container\"><div class=\"kc-elm kc-css-476752 kc_text_block\"><\/p>\n<p>Das Recyclingzentrum liegt in 86674 Baar (Schwaben), einer Gemeinde im schw\u00e4bischen Landkreis Aichach-Friedberg. Der Standort liegt somit ca. 30 km n\u00f6rdlich von Augsburg.\u00a0<\/p>\n<p>Durch diese geographische Lage sind wir innerhalb kurzer Zeit in allen gro\u00dfen Metropolen Bayerns vor Ort und k\u00f6nnen ihre Auftr\u00e4ge abwickeln.\u00a0<\/p>\n<p>\n<\/div><div class=\"kc-elm kc-css-345300\" style=\"height: 53px; clear: both; width:100%;\"><\/div><div class=\"kc-elm kc-css-657031 kc_shortcode kc_single_image\">\n\n        <img decoding=\"async\" src=\"https:\/\/eds-r.com\/wp-content\/uploads\/2022\/01\/Bild-Halle-Baar-Waage-3-scaled.jpg\" class=\"\" alt=\"\" \/>    <\/div>\n<div class=\"kc-elm kc-css-12937\" style=\"height: 53px; clear: both; width:100%;\"><\/div><\/div><\/div><\/div><\/div><\/section><section class=\"kc-elm kc-css-655245 kc_row\"><div class=\"kc-row-container  kc-container\"><div class=\"kc-wrap-columns\"><div class=\"kc-elm kc-css-266582 kc_col-sm-12 kc_column kc_col-sm-12\"><div class=\"kc-col-container\"><div class=\"kc-elm kc-css-663000 kc_row kc_row_inner\"><div class=\"kc-elm kc-css-843954 kc_col-sm-12 kc_column_inner kc_col-sm-12\"><div class=\"kc_wrapper kc-col-inner-container\"><div class=\"kc-elm kc-css-954745 kc_text_block\"><\/p>\n<div class=\"elementHeadline\" style=\"padding: 0px 20px 0px 0px; line-height: 18px; color: #0c1c2c; font-family: Verdana, Tahoma, Arial, Helvetica, sans-serif; font-size: 20px;\">\n<h3 style=\"color: #076dc7; font-size: 20px; margin: 20px 0px 20px; font-family: verdana, arial, sans-serif;\"><strong>Dienstleistungen Recyclingzentrum Baar<\/strong><\/h3>\n<\/div>\n<div class=\"elementStandard\" style=\"padding: 0px 20px 0px 0px; line-height: 18px; color: #0c1c2c; font-family: Verdana, Tahoma, Arial, Helvetica, sans-serif; font-size: 18px;\">\n<div class=\"text\" style=\"padding: 0px 18px 0px 0px; line-height: 18px;\">\n<ul style=\"padding: 0px; margin: 0px 0px 18px 18px;\">\n<li style=\"list-style-type: disc;\"><strong>Behandlung und Verwertung von Leuchtstofflampen<\/strong><\/li>\n<\/ul>\n<div><b><br \/><\/b><\/div>\n<ul style=\"padding: 0px; margin: 0px 0px 18px 18px;\">\n<li style=\"list-style-type: disc;\"><span style=\"font-weight: 600;\">Behandlung und Verwertung von PV-Modulen<\/span><\/li>\n<\/ul>\n<div><b><br \/><\/b><\/div>\n<ul style=\"padding: 0px; margin: 0px 0px 18px 18px;\">\n<li style=\"list-style-type: disc;\"><span style=\"font-weight: 600;\">Behandlung und Verwertung von Elektroaltger\u00e4ten<\/span><\/li>\n<\/ul>\n<\/div>\n<\/div>\n<p>\n<\/div><\/div><\/div><\/div><div class=\"kc-elm kc-css-452213\" style=\"height: 103px; clear: both; width:100%;\"><\/div><\/div><\/div><\/div><\/div><\/section><section class=\"kc-elm kc-css-317373 kc_row\"><div class=\"kc-row-container  kc-container\"><div class=\"kc-wrap-columns\"><div class=\"kc-elm kc-css-864993 kc_col-sm-4 kc_column kc_col-sm-4\"><div class=\"kc-col-container\"><div class=\"kc-elm kc-css-286066 kc_row kc_row_inner\"><div class=\"kc-elm kc-css-657815 kc_col-sm-12 kc_column_inner kc_col-sm-12\"><div class=\"kc_wrapper kc-col-inner-container\">\t\t\t<div class=\"single_counter default_style kc-elm kc-css-362664\">\r\n\t\t\t\t<div class=\"single_counter_inner\">\t\t\t\t\t\r\n\t\t\t\t\t\r\n\t\t\t\t\t\t\t\t\t\t\t<div class=\"counter_icon\">\t\t\t\r\n\t\t\t\t\t\t\t<i class=\"fa-warehouse\"><\/i>\t\t\r\n\t\t\t\t\t\t<\/div>\r\n\t\t\t\t\t\t\t\t\t\t\r\n\t\t\t\t\t\r\n\t\t\t\t\t\r\n\t\t\t\t\t<div class=\"countr_text\">\r\n\t\t\t\t\t\t\t\t\t\t\t\t\t<h1>11.000<\/h1>\r\n\t\t\t\t\t\t\t\t\t\t\t\t\t\r\n\t\t\t\t\t\t\t<h3>+<\/h3>\r\n\t\t\t\t\t\t\t\t\t\t\t\t\t\r\n\t\t\t\t\t<\/div>\r\n\t\t\t\t\t<div class=\"counter_title\">\r\n\t\t\t\t\t\t\t\t\t\t\t\t\t<h4>\r\n\t\t\t\t\t\t\tQuadratmeter\t\t\t\t\t\t\t<\/h4>\t\r\n\t\t\t\t\t\t\t\t\t\t\t<\/div>\r\n\t\t\t\t\t\r\n\t\t\t\t\t\t\r\n\t\t\t\t\t\r\n\t\t\t\t<\/div>\r\n\t\t\t<\/div> \t\t\r\n\t\t<\/div><\/div><\/div><\/div><\/div><div class=\"kc-elm kc-css-678637 kc_col-sm-4 kc_column kc_col-sm-4\"><div class=\"kc-col-container\"><div class=\"kc-elm kc-css-502649 kc_row kc_row_inner\"><div class=\"kc-elm kc-css-831409 kc_col-sm-12 kc_column_inner kc_col-sm-12\"><div class=\"kc_wrapper kc-col-inner-container\">\t\t\t<div class=\"single_counter default_style kc-elm kc-css-386894\">\r\n\t\t\t\t<div class=\"single_counter_inner\">\t\t\t\t\t\r\n\t\t\t\t\t\r\n\t\t\t\t\t\t\t\t\t\t\t<div class=\"counter_icon\">\t\t\t\r\n\t\t\t\t\t\t\t<i class=\"sl-people\"><\/i>\t\t\r\n\t\t\t\t\t\t<\/div>\r\n\t\t\t\t\t\t\t\t\t\t\r\n\t\t\t\t\t\r\n\t\t\t\t\t\r\n\t\t\t\t\t<div class=\"countr_text\">\r\n\t\t\t\t\t\t\t\t\t\t\t\t\t<h1>30<\/h1>\r\n\t\t\t\t\t\t\t\t\t\t\t\t\t\r\n\t\t\t\t\t\t\t<h3>+<\/h3>\r\n\t\t\t\t\t\t\t\t\t\t\t\t\t\r\n\t\t\t\t\t<\/div>\r\n\t\t\t\t\t<div class=\"counter_title\">\r\n\t\t\t\t\t\t\t\t\t\t\t\t\t<h4>\r\n\t\t\t\t\t\t\tMitarbeiter\t\t\t\t\t\t\t<\/h4>\t\r\n\t\t\t\t\t\t\t\t\t\t\t<\/div>\r\n\t\t\t\t\t\r\n\t\t\t\t\t\t\r\n\t\t\t\t\t\r\n\t\t\t\t<\/div>\r\n\t\t\t<\/div> \t\t\r\n\t\t<\/div><\/div><\/div><\/div><\/div><div class=\"kc-elm kc-css-354961 kc_col-sm-4 kc_column kc_col-sm-4\"><div class=\"kc-col-container\"><div class=\"kc-elm kc-css-114859 kc_row kc_row_inner\"><div class=\"kc-elm kc-css-254781 kc_col-sm-12 kc_column_inner kc_col-sm-12\"><div class=\"kc_wrapper kc-col-inner-container\">\t\t\t<div class=\"single_counter default_style kc-elm kc-css-766274\">\r\n\t\t\t\t<div class=\"single_counter_inner\">\t\t\t\t\t\r\n\t\t\t\t\t\r\n\t\t\t\t\t\t\t\t\t\t\t<div class=\"counter_icon\">\t\t\t\r\n\t\t\t\t\t\t\t<i class=\"fa-cog\"><\/i>\t\t\r\n\t\t\t\t\t\t<\/div>\r\n\t\t\t\t\t\t\t\t\t\t\r\n\t\t\t\t\t\r\n\t\t\t\t\t\r\n\t\t\t\t\t<div class=\"countr_text\">\r\n\t\t\t\t\t\t\t\t\t\t\t\t\t<h1>9.000<\/h1>\r\n\t\t\t\t\t\t\t\t\t\t\t\t\t\r\n\t\t\t\t\t\t\t<h3>to. <\/h3>\r\n\t\t\t\t\t\t\t\t\t\t\t\t\t\r\n\t\t\t\t\t<\/div>\r\n\t\t\t\t\t<div class=\"counter_title\">\r\n\t\t\t\t\t\t\t\t\t\t\t\t\t<h4>\r\n\t\t\t\t\t\t\tDurchsatz\t\t\t\t\t\t\t<\/h4>\t\r\n\t\t\t\t\t\t\t\t\t\t\t<\/div>\r\n\t\t\t\t\t\r\n\t\t\t\t\t\t\r\n\t\t\t\t\t\r\n\t\t\t\t<\/div>\r\n\t\t\t<\/div> \t\t\r\n\t\t<\/div><\/div><\/div><\/div><\/div><\/div><\/div><\/section><section class=\"kc-elm kc-css-966444 kc_row\"><div class=\"kc-row-container  kc-container\"><div class=\"kc-wrap-columns\"><div class=\"kc-elm kc-css-438166 kc_col-sm-12 kc_column kc_col-sm-12\"><div class=\"kc-col-container\"><div class=\"kc-elm kc-css-375157 kc_row kc_row_inner\"><div class=\"kc-elm kc-css-548313 kc_col-sm-12 kc_column_inner kc_col-sm-12\"><div class=\"kc_wrapper kc-col-inner-container\"><div class=\"kc-elm kc-css-266168\" style=\"height: 103px; clear: both; width:100%;\"><\/div><\/div><\/div><\/div><\/div><\/div><\/div><\/div><\/section><section class=\"kc-elm kc-css-859790 kc_row\"><div class=\"kc-row-container  kc-container\"><div class=\"kc-wrap-columns\"><div class=\"kc-elm kc-css-887813 kc_col-sm-6 kc_column kc_col-sm-6\"><div class=\"kc-col-container\"><div class=\"kc-elm kc-css-804137 kc_row kc_row_inner\"><div class=\"kc-elm kc-css-575683 kc_col-sm-12 kc_column_inner kc_col-sm-12\"><div class=\"kc_wrapper kc-col-inner-container\">\n<div class=\"kc-elm kc-css-988520 kc-team kc-team-2\">\n\n\t<figure class=\"content-image\"><img decoding=\"async\" src=\"https:\/\/eds-r.com\/wp-content\/uploads\/2023\/05\/Hr.-Paschke-m.H.-kompr.jpg\" alt=\"\"><\/figure><div class=\"box-right\"><div class=\"content-title\">Michael Paschke<\/div><div class=\"content-subtitle\">Betriebsleiter<\/div><div class=\"content-desc\">Tel.: 08276\/518778-5\r\n\r\nMail: m.paschke@eds-r.com<\/div><\/div>\n<\/div>\n<\/div><\/div><\/div><\/div><\/div><div class=\"kc-elm kc-css-117118 kc_col-sm-6 kc_column kc_col-sm-6\"><div class=\"kc-col-container\"><div class=\"kc-elm kc-css-33539 kc_row kc_row_inner\"><div class=\"kc-elm kc-css-684184 kc_col-sm-12 kc_column_inner kc_col-sm-12\"><div class=\"kc_wrapper kc-col-inner-container\">\n<div class=\"kc-elm kc-css-651164 kc-team kc-team-2\">\n\n\t<figure class=\"content-image\"><img decoding=\"async\" src=\"https:\/\/eds-r.com\/wp-content\/uploads\/2023\/05\/Fr.-Paschke-m.H.-kompr.jpg\" alt=\"\"><\/figure><div class=\"box-right\"><div class=\"content-title\">Irmgard Paschke<\/div><div class=\"content-subtitle\">Disposition<\/div><div class=\"content-desc\">Tel.: 08276\/518778-6\r\n\r\nMail: i.paschke@eds-r.com<\/div><\/div>\n<\/div>\n\n<div class=\"kc-elm kc-css-609138 kc-team kc-team-2\">\n\n\t<figure class=\"content-image\"><img decoding=\"async\" src=\"https:\/\/eds-r.com\/wp-content\/uploads\/2023\/05\/Fr.-Bierwagen-m.H.-kompr.jpg\" alt=\"\"><\/figure><div class=\"box-right\"><div class=\"content-title\">Tanja Bierwagen<\/div><div class=\"content-subtitle\">Disposition<\/div><div class=\"content-desc\">Tel.: 08276\/518778-6\r\n\r\nMail: t.bierwagen@eds-r.com<\/div><\/div>\n<\/div>\n<\/div><\/div><\/div><\/div><\/div><\/div><\/div><\/section><section class=\"kc-elm kc-css-229687 kc_row\"><div class=\"kc-row-container  kc-container\"><div class=\"kc-wrap-columns\"><div class=\"kc-elm kc-css-439810 kc_col-sm-12 kc_column kc_col-sm-12\"><div class=\"kc-col-container\"><div class=\"kc-elm kc-css-384929 kc_row kc_row_inner\"><div class=\"kc-elm kc-css-26052 kc_col-sm-12 kc_column_inner kc_col-sm-12\"><div class=\"kc_wrapper kc-col-inner-container\"><div class=\"kc-elm kc-css-898399 kc_row kc_row_inner\"><div class=\"kc-elm kc-css-462026 kc_col-sm-12 kc_column_inner kc_col-sm-12\"><div class=\"kc_wrapper kc-col-inner-container\"><div class=\"kc-elm kc-css-809586\" style=\"height: 73px; clear: both; width:100%;\"><\/div>\r\n\t\r\n\r\n\t\r\n\t<div class=\"em-service2 smiddle  kc-elm kc-css-81232\">\t\r\n\t\t<div class=\"em_service_content \">\r\n\t\t\t<div class=\"em_single_service_text\">\r\n\t\t\t\t<div class=\"service_top_text\">\r\n\t\t\t\t\t\t\t\t\t\t\t<div class=\"em-service-icon\">\r\n\t\t\t\t\t\t\t<i class=\"flaticon-back\"><\/i>\r\n\t\t\t\t\t\t<\/div>\t\t\t\r\n\t\t\t\t\t\t\r\n\t\t\t\t\t\r\n\t\t\t\t<\/div>\r\n\t\t\t\t<div class=\"em-service-inner\">\r\n\t\t\t\t\t<div class=\"em-service-title\"><h2>\u00d6ffnungs-\/ Anlieferzeiten<\/h2><\/div>\t\t\t\t\t<div class=\"em-service-desc\"><p>Montag - Donnerstag: 08:00 Uhr- 16:00 Uhr & Freitag: 08:00 Uhr - 12:00 Uhr<\/p><\/div>\t\t\t\t\t\t\t\t\t\t\r\n\t\t\t\t<\/div>\r\n\t\t\t<\/div>\r\n\t\t<\/div>\r\n\t<\/div>\t\t\t\r\n\t<\/div><\/div><\/div><div class=\"kc-elm kc-css-479820\" style=\"height: 71px; clear: both; width:100%;\"><\/div><div class=\"kc-elm kc-css-496928 kc_google_maps kc_shortcode\"><div style=\"height: 350px\" class=\"kc-google-maps\"><iframe src=\"https:\/\/www.google.com\/maps\/embed?pb=!1m18!1m12!1m3!1d201407.46166972755!2d10.841070374597226!3d48.63255362823057!2m3!1f0!2f0!3f0!3m2!1i1024!2i768!4f13.1!3m3!1m2!1s0x479ec1856f5632af%3A0x62e5cbd8ec056a8c!2sKellerbreite%206%2C%2086674%20Baar%20(Schwaben)!5e1!3m2!1sde!2sde!4v1620226140040!5m2!1sde!2sde\" width=\"100%\" height=\"350\" style=\"border:0;\" allowfullscreen=\"\" loading=\"lazy\"><\/iframe><\/div><\/div><div class=\"kc-elm kc-css-468256\" style=\"height: 83px; clear: both; width:100%;\"><\/div><\/div><\/div><\/div><\/div><\/div><\/div><\/div><\/section><\/p>\n","protected":false},"excerpt":{"rendered":"","protected":false},"author":4,"featured_media":0,"parent":0,"menu_order":0,"comment_status":"closed","ping_status":"closed","template":"","meta":{"footnotes":""},"class_list":["post-2813","page","type-page","status-publish","hentry"],"_links":{"self":[{"href":"https:\/\/eds-r.com\/index.php?rest_route=\/wp\/v2\/pages\/2813","targetHints":{"allow":["GET"]}}],"collection":[{"href":"https:\/\/eds-r.com\/index.php?rest_route=\/wp\/v2\/pages"}],"about":[{"href":"https:\/\/eds-r.com\/index.php?rest_route=\/wp\/v2\/types\/page"}],"author":[{"embeddable":true,"href":"https:\/\/eds-r.com\/index.php?rest_route=\/wp\/v2\/users\/4"}],"replies":[{"embeddable":true,"href":"https:\/\/eds-r.com\/index.php?rest_route=%2Fwp%2Fv2%2Fcomments&post=2813"}],"version-history":[{"count":45,"href":"https:\/\/eds-r.com\/index.php?rest_route=\/wp\/v2\/pages\/2813\/revisions"}],"predecessor-version":[{"id":3754,"href":"https:\/\/eds-r.com\/index.php?rest_route=\/wp\/v2\/pages\/2813\/revisions\/3754"}],"wp:attachment":[{"href":"https:\/\/eds-r.com\/index.php?rest_route=%2Fwp%2Fv2%2Fmedia&parent=2813"}],"curies":[{"name":"wp","href":"https:\/\/api.w.org\/{rel}","templated":true}]}}