{"id":2704,"date":"2021-01-28T00:13:39","date_gmt":"2021-01-27T23:13:39","guid":{"rendered":"http:\/\/test.eds-r.com\/?page_id=2704"},"modified":"2024-06-11T10:33:07","modified_gmt":"2024-06-11T08:33:07","slug":"impressum","status":"publish","type":"page","link":"https:\/\/eds-r.com\/?page_id=2704","title":{"rendered":"Impressum"},"content":{"rendered":"<section class=\"kc-elm kc-css-564579 kc_row\"><div class=\"kc-row-container  kc-container\"><div class=\"kc-wrap-columns\"><div class=\"kc-elm kc-css-972556 kc_col-sm-12 kc_column kc_col-sm-12\"><div class=\"kc-col-container\"><div class=\"kc-elm kc-css-641346 kc_text_block\"><\/p>\n<p><strong>Impressum<\/strong><\/p>\n<p>\u200d<\/p>\n<p><strong>Diese Seite wird betrieben durch:<\/strong><\/p>\n<p>eds-r GmbH<\/p>\n<p>Maybachstra\u00dfe 18<\/p>\n<p>90441 N\u00fcrnberg<\/p>\n<p><strong>Vertreten durch den Gesch\u00e4ftsf\u00fchrer:<\/strong> <br \/>Johann Schmidt<\/p>\n<p>\u200d<\/p>\n<p><strong>Kontakt:<\/strong><\/p>\n<p><strong>Mail: <\/strong>cl.schmidt@eds-r.com<\/p>\n<p><strong>Telefon: <\/strong>0911\/ 42477-0\u200d<\/p>\n<p><strong>Verantwortlich f\u00fcr den redaktionellen Inhalt dieser Seiten:<\/strong><\/p>\n<p>Johann Schmidt<\/p>\n<p><strong>Registergericht Amtsgericht Amtsgericht N\u00fcrnberg:<\/strong> HRB 30976<\/p>\n<p><strong>Umsatzssteuer ID gem\u00e4\u00df \u00a7 27a:<\/strong> DE189798778<\/p>\n<p>\u200d<\/p>\n<p><strong>Haftpflichtversicherung:<\/strong><\/p>\n<p>Generali Deutschland AG\u00a0\u00a0\u00a0\u00a0\u00a0\u00a0<\/p>\n<h2><strong>Hinweis auf das Streitbeilegungsverfahren<\/strong><\/h2>\n<p>Plattform der EU-Kommission zur Online-Streitbeilegung: http:\/\/ec.europa.eu\/consumers\/odr<\/p>\n<p>Wir sind weder verpflichtet noch bereit, an einem Streitbeilegungsverfahren vor einer Verbraucherschlichtungsstelle teilzunehmen.<\/p>\n<p>\u200d<\/p>\n<\/p>\n<h2><strong>Haftungsausschluss:<\/strong><\/h2>\n<p>Als Diensteanbieter sind wir f\u00fcr eigene Inhalte auf diesen Webseiten nach den allgemeinen Gesetzen verantwortlich. Als Diensteanbieter sind wir jedoch nicht verpflichtet, \u00fcbermittelte oder gespeicherte fremde Informationen zu \u00fcberwachen oder nach Umst\u00e4nden zu forschen, die auf eine rechtswidrige T\u00e4tigkeit hinweisen. Verpflichtungen zur Entfernung oder Sperrung der Nutzung von Informationen nach den allgemeinen Gesetzen bleiben hiervon unber\u00fchrt. Eine diesbez\u00fcgliche Haftung ist jedoch erst ab dem Zeitpunkt der Kenntnis einer konkreten Rechtsverletzung m\u00f6glich. Bei Bekanntwerden von entsprechenden Rechtsverletzungen werden wir entsprechende Inhalte umgehend entfernen.<\/p>\n<h2><strong>Haftung f\u00fcr Links:<\/strong><\/h2>\n<p>Unser Angebot enth\u00e4lt Links zu externen Webseiten Dritter, auf deren Inhalte wir keinen Einfluss haben. Deshalb k\u00f6nnen wir f\u00fcr diese fremden Inhalte auch keine Gew\u00e4hr \u00fcbernehmen. F\u00fcr die Inhalte der verlinkten Seiten ist stets der jeweilige Anbieter oder Betreiber der Seiten verantwortlich. Die verlinkten Seiten wurden zum Zeitpunkt der Verlinkung auf m\u00f6gliche Rechtsverst\u00f6\u00dfe \u00fcberpr\u00fcft. Rechtswidrige Inhalte waren zum Zeitpunkt der Verlinkung nicht erkennbar.<\/p>\n<\/p>\n<h2><strong>Nicht-Diskriminierung<\/strong><\/h2>\n<p>Aus Gr\u00fcnden der besseren Lesbarkeit wird die gleichzeitige Verwendung der Sprachformen m\u00e4nnlich, weiblich, divers und andere geschlechtliche Identit\u00e4ten (m\/w\/d\/andere) auf unseren Webseiten, in unseren Ver\u00f6ffentlichungen und in der Kommunikation vermieden. Alle verwendeten Begriffe sollen f\u00fcr alle Geschlechter gleicherma\u00dfen gelten. Wir verstehen uns als internationales Unternehmen und diskriminieren niemanden aufgrund von Geschlecht, Rasse, Hautfarbe, ethnischer oder sozialer Herkunft, genetischen Merkmalen, Sprache, Religion oder Weltanschauung, politischer oder sonstiger Anschauung, Zugeh\u00f6rigkeit zu einer nationalen Minderheit, Verm\u00f6gen, Geburt, Behinderung, Alter, sexueller Orientierung oder Nationalit\u00e4t.<\/p>\n<p>\u200d<\/p>\n<p><strong>Urheberrecht:<\/strong><\/p>\n<p>Die durch die Seitenbetreiber erstellten Inhalte und Werke auf diesen Seiten unterliegen dem deutschen Urheberrecht. Die Vervielf\u00e4ltigung, Bearbeitung, Verbreitung und jede Art der Verwertung au\u00dferhalb der Grenzen des Urheberrechtes bed\u00fcrfen der schriftlichen Zustimmung des jeweiligen Autors bzw. Erstellers. Downloads und Kopien dieser Seite sind nur privaten, nicht kommerziellen Gebrauch gestattet.<\/p>\n<p>Soweit die Inhalte auf dieser Seite nicht vom Betreiber erstellt wurden, werden die Urheberrechte Dritter beachtet. Insbesondere werden Inhalte Dritter als solche gekennzeichnet. Sollten Sie trotzdem auf eine Urheberrechtsverletzung aufmerksam werden, bitten wir um einen entsprechenden Hinweis. Bei Bekanntwerden von Rechtsverletzungen werden wir derartige Inhalte umgehend entfernen.<\/p>\n<p><strong>\u00a0<\/strong><\/p>\n<p><strong>Urheberrechte:<\/strong><\/p>\n<p><strong>Alle Grafiken\/ Bilder von:<\/strong> eds-r GmbH<\/p>\n<\/p>\n<p>\n<\/div><\/div><\/div><\/div><\/div><\/section>\n","protected":false},"excerpt":{"rendered":"","protected":false},"author":4,"featured_media":0,"parent":0,"menu_order":0,"comment_status":"closed","ping_status":"closed","template":"","meta":{"footnotes":""},"class_list":["post-2704","page","type-page","status-publish","hentry"],"_links":{"self":[{"href":"https:\/\/eds-r.com\/index.php?rest_route=\/wp\/v2\/pages\/2704","targetHints":{"allow":["GET"]}}],"collection":[{"href":"https:\/\/eds-r.com\/index.php?rest_route=\/wp\/v2\/pages"}],"about":[{"href":"https:\/\/eds-r.com\/index.php?rest_route=\/wp\/v2\/types\/page"}],"author":[{"embeddable":true,"href":"https:\/\/eds-r.com\/index.php?rest_route=\/wp\/v2\/users\/4"}],"replies":[{"embeddable":true,"href":"https:\/\/eds-r.com\/index.php?rest_route=%2Fwp%2Fv2%2Fcomments&post=2704"}],"version-history":[{"count":19,"href":"https:\/\/eds-r.com\/index.php?rest_route=\/wp\/v2\/pages\/2704\/revisions"}],"predecessor-version":[{"id":3807,"href":"https:\/\/eds-r.com\/index.php?rest_route=\/wp\/v2\/pages\/2704\/revisions\/3807"}],"wp:attachment":[{"href":"https:\/\/eds-r.com\/index.php?rest_route=%2Fwp%2Fv2%2Fmedia&parent=2704"}],"curies":[{"name":"wp","href":"https:\/\/api.w.org\/{rel}","templated":true}]}}